{"id":59,"date":"2012-05-17T02:25:59","date_gmt":"2012-05-16T23:25:59","guid":{"rendered":"http:\/\/www.studyo.org\/_new\/?page_id=59"},"modified":"2023-02-20T02:31:18","modified_gmt":"2023-02-19T23:31:18","slug":"contact-2","status":"publish","type":"page","link":"https:\/\/studyoarchitects.com\/?page_id=59","title":{"rendered":"CONTACT"},"content":{"rendered":"<p>STUDYO ARCHITECTs*<br \/>\nAlte Textilf\u00e4rberei<br \/>\nDipl. Ing. Ay\u015fin \u0130pek\u00e7i, Architect BDA<br \/>\nWilhelm Mauser Str. 49c | 50827 Cologne | Germany<br \/>\nT +49 221 987477 20 | F +49 221 987477 29<br \/>\nstudyo[at]studyo.org<\/p>\n<p>www.studyo.org<br \/>\nwww.studyoarchitects.com \/.de<\/p>\n<p>design<br \/>\n<a href=\"https:\/\/www.studio-polylog.com\/\"> www.studio-polylog.com<\/a><br \/>\n<a href=\"http:\/\/www.studyo.org\/disclaimer.html\" target=\"_blank\" rel=\"noopener noreferrer\">disclaimer<\/a><\/p>\n","protected":false},"excerpt":{"rendered":"<p>STUDYO ARCHITECTs* Alte Textilf\u00e4rberei Dipl. Ing. Ay\u015fin \u0130pek\u00e7i, Architect BDA Wilhelm Mauser Str. 49c | 50827 Cologne | Germany T +49 221 987477 20 | F +49 221 987477 29 studyo[at]studyo.org www.studyo.org www.studyoarchitects.com \/.de design www.studio-polylog.com disclaimer<\/p>\n","protected":false},"author":1,"featured_media":0,"parent":0,"menu_order":5,"comment_status":"closed","ping_status":"closed","template":"","meta":[],"_links":{"self":[{"href":"https:\/\/studyoarchitects.com\/index.php?rest_route=\/wp\/v2\/pages\/59"}],"collection":[{"href":"https:\/\/studyoarchitects.com\/index.php?rest_route=\/wp\/v2\/pages"}],"about":[{"href":"https:\/\/studyoarchitects.com\/index.php?rest_route=\/wp\/v2\/types\/page"}],"author":[{"embeddable":true,"href":"https:\/\/studyoarchitects.com\/index.php?rest_route=\/wp\/v2\/users\/1"}],"replies":[{"embeddable":true,"href":"https:\/\/studyoarchitects.com\/index.php?rest_route=%2Fwp%2Fv2%2Fcomments&post=59"}],"version-history":[{"count":17,"href":"https:\/\/studyoarchitects.com\/index.php?rest_route=\/wp\/v2\/pages\/59\/revisions"}],"predecessor-version":[{"id":564,"href":"https:\/\/studyoarchitects.com\/index.php?rest_route=\/wp\/v2\/pages\/59\/revisions\/564"}],"wp:attachment":[{"href":"https:\/\/studyoarchitects.com\/index.php?rest_route=%2Fwp%2Fv2%2Fmedia&parent=59"}],"curies":[{"name":"wp","href":"https:\/\/api.w.org\/{rel}","templated":true}]}}