{"id":520,"date":"2023-02-19T15:51:59","date_gmt":"2023-02-19T12:51:59","guid":{"rendered":"https:\/\/studyoarchitects.com\/?page_id=520"},"modified":"2023-02-20T02:16:16","modified_gmt":"2023-02-19T23:16:16","slug":"mesmerize","status":"publish","type":"page","link":"https:\/\/studyoarchitects.com\/","title":{"rendered":"Front Page"},"content":{"rendered":"<div  data-label=\"Latest-news\" data-id=\"latest_news--1\" data-export-id=\"blog-section-mc\" data-category=\"latest_news\" class=\"blog-section-mc blog-section-standard content-section content-section-spacing\" id=\"latest_news-1\" style=\"background-color: rgb(255, 255, 255);\"><div  class=\"gridContainer\"> <div  class=\"row\"><div  data-type=\"column\" class=\"section-title-col\">  <h3  class=\"\">#StayTuned #StayHealthy<\/h3> <\/div> <\/div> <div  class=\"row\"> <div  data-type=\"row\" data-dynamic-columns=\"handled\" data-content-shortcode=\"mesmerize_latest_news posts=&quot;3&quot;\">\t\t<div class=\"row center-sm content-left-sm\">\n\t\t\t\t\t<div id=\"post-471\" class=\"col-sm-6 col-md-4 space-bottom space-bottom-xs\">\n\t\t\t\t<div class=\"post-content card y-move bordered\">\n\t\t\t\t\t\t\t\t\t\t<div class=\"col-padding col-padding-xs\">\n\t\t\t\t\t\t<h3 class=\"post-title space-bottom-small\">\n\t\t\t\t\t\t\t<a href=\"https:\/\/studyoarchitects.com\/?p=471\" rel=\"bookmark\">\n\t\t\t\t\t\t\t\tDATATOPIA\t\t\t\t\t\t\t<\/a>\n\t\t\t\t\t\t<\/h3>\n\t\t\t\t\t\t<p>Moderation ARCH+ features 85: Datatopia Mittwoch, 27. M\u00e4rz, 19 Uhr,&nbsp;Meir\u00e9 und Meir\u00e9 Cologne Factory,&nbsp;Lichtstra\u00dfe 26\u201328, 50825 K\u00f6ln<\/p>\n\t\t\t\t\t\t<a class=\"read-more link\" href=\"https:\/\/studyoarchitects.com\/?p=471\">\n\t\t\t\t\t\t\tRead more\t\t\t\t\t\t<\/a>\n\t\t\t\t\t<\/div>\n\t\t\t\t<\/div>\n\t\t\t<\/div>\n\t\t\t\t\t\t<div id=\"post-468\" class=\"col-sm-6 col-md-4 space-bottom space-bottom-xs\">\n\t\t\t\t<div class=\"post-content card y-move bordered\">\n\t\t\t\t\t\t\t\t\t\t<div class=\"col-padding col-padding-xs\">\n\t\t\t\t\t\t<h3 class=\"post-title space-bottom-small\">\n\t\t\t\t\t\t\t<a href=\"https:\/\/studyoarchitects.com\/?p=468\" rel=\"bookmark\">\n\t\t\t\t\t\t\t\tWOHNEN F\u00dcR ALLE\t\t\t\t\t\t\t<\/a>\n\t\t\t\t\t\t<\/h3>\n\t\t\t\t\t\t<p>1st prize with NL Architects in the competition \u00bbWohnen f\u00fcr Alle\u00ab Slideshow of Project<\/p>\n\t\t\t\t\t\t<a class=\"read-more link\" href=\"https:\/\/studyoarchitects.com\/?p=468\">\n\t\t\t\t\t\t\tRead more\t\t\t\t\t\t<\/a>\n\t\t\t\t\t<\/div>\n\t\t\t\t<\/div>\n\t\t\t<\/div>\n\t\t\t\t\t\t<div id=\"post-463\" class=\"col-sm-6 col-md-4 space-bottom space-bottom-xs\">\n\t\t\t\t<div class=\"post-content card y-move bordered\">\n\t\t\t\t\t\t\t\t\t\t<div class=\"col-padding col-padding-xs\">\n\t\t\t\t\t\t<h3 class=\"post-title space-bottom-small\">\n\t\t\t\t\t\t\t<a href=\"https:\/\/studyoarchitects.com\/?p=463\" rel=\"bookmark\">\n\t\t\t\t\t\t\t\tPLANET EBERTPLATZ\t\t\t\t\t\t\t<\/a>\n\t\t\t\t\t\t<\/h3>\n\t\t\t\t\t\t<p>Kick-Off der Diskursreihe Planet Ebertplatz<\/p>\n\t\t\t\t\t\t<a class=\"read-more link\" href=\"https:\/\/studyoarchitects.com\/?p=463\">\n\t\t\t\t\t\t\tRead more\t\t\t\t\t\t<\/a>\n\t\t\t\t\t<\/div>\n\t\t\t\t<\/div>\n\t\t\t<\/div>\n\t\t\t\t<\/div>\n\t<\/div><\/div> <div  class=\"row\"><div  class=\"text-center\"> <a  class=\"button color1\" data-attr-shortcode=\"href:mesmerize_blog_link\" href=\"https:\/\/studyoarchitects.com\/?page_id=521\">STOR3Y<\/a><\/div> <\/div><\/div><\/div>","protected":false},"excerpt":{"rendered":"<p>#StayTuned #StayHealthy STOR3Y<\/p>\n","protected":false},"author":1,"featured_media":0,"parent":0,"menu_order":0,"comment_status":"closed","ping_status":"closed","template":"page-templates\/homepage.php","meta":[],"_links":{"self":[{"href":"https:\/\/studyoarchitects.com\/index.php?rest_route=\/wp\/v2\/pages\/520"}],"collection":[{"href":"https:\/\/studyoarchitects.com\/index.php?rest_route=\/wp\/v2\/pages"}],"about":[{"href":"https:\/\/studyoarchitects.com\/index.php?rest_route=\/wp\/v2\/types\/page"}],"author":[{"embeddable":true,"href":"https:\/\/studyoarchitects.com\/index.php?rest_route=\/wp\/v2\/users\/1"}],"replies":[{"embeddable":true,"href":"https:\/\/studyoarchitects.com\/index.php?rest_route=%2Fwp%2Fv2%2Fcomments&post=520"}],"version-history":[{"count":8,"href":"https:\/\/studyoarchitects.com\/index.php?rest_route=\/wp\/v2\/pages\/520\/revisions"}],"predecessor-version":[{"id":550,"href":"https:\/\/studyoarchitects.com\/index.php?rest_route=\/wp\/v2\/pages\/520\/revisions\/550"}],"wp:attachment":[{"href":"https:\/\/studyoarchitects.com\/index.php?rest_route=%2Fwp%2Fv2%2Fmedia&parent=520"}],"curies":[{"name":"wp","href":"https:\/\/api.w.org\/{rel}","templated":true}]}}